{"id":403,"date":"2021-08-27T14:11:23","date_gmt":"2021-08-27T14:11:23","guid":{"rendered":"http:\/\/pyptopografos.com\/?page_id=403"},"modified":"2021-09-03T05:35:43","modified_gmt":"2021-09-03T05:35:43","slug":"elementor-403","status":"publish","type":"page","link":"https:\/\/pyptopografos.com\/?page_id=403","title":{"rendered":"quienes somos"},"content":{"rendered":"\t\t<div data-elementor-type=\"wp-page\" data-elementor-id=\"403\" class=\"elementor elementor-403\" data-elementor-settings=\"[]\">\n\t\t\t\t\t\t\t<div class=\"elementor-section-wrap\">\n\t\t\t\t\t\t\t<section class=\"elementor-section elementor-top-section elementor-element elementor-element-fda1049 elementor-section-boxed elementor-section-height-default elementor-section-height-default\" data-id=\"fda1049\" data-element_type=\"section\">\n\t\t\t\t\t\t<div class=\"elementor-container elementor-column-gap-default\">\n\t\t\t\t\t<div class=\"elementor-column elementor-col-100 elementor-top-column elementor-element elementor-element-751dbf5\" data-id=\"751dbf5\" data-element_type=\"column\">\n\t\t\t<div class=\"elementor-widget-wrap elementor-element-populated\">\n\t\t\t\t\t\t\t\t<div class=\"elementor-element elementor-element-4450919 elementor-widget elementor-widget-image\" data-id=\"4450919\" data-element_type=\"widget\" data-widget_type=\"image.default\">\n\t\t\t\t<div class=\"elementor-widget-container\">\n\t\t\t\t\t\t\t\t\t\t\t\t\t\t\t<img loading=\"lazy\" decoding=\"async\" width=\"1024\" height=\"576\" src=\"https:\/\/pyptopografos.com\/wp-content\/uploads\/2021\/08\/IMG-20190830-WA0004-1024x576.jpg\" class=\"attachment-large size-large\" alt=\"\" \/>\t\t\t\t\t\t\t\t\t\t\t\t\t\t\t<\/div>\n\t\t\t\t<\/div>\n\t\t\t\t\t<\/div>\n\t\t<\/div>\n\t\t\t\t\t\t\t<\/div>\n\t\t<\/section>\n\t\t\t\t<section class=\"elementor-section elementor-top-section elementor-element elementor-element-f3f0ef5 elementor-section-boxed elementor-section-height-default elementor-section-height-default\" data-id=\"f3f0ef5\" data-element_type=\"section\" data-settings=\"{&quot;background_background&quot;:&quot;classic&quot;}\">\n\t\t\t\t\t\t<div class=\"elementor-container elementor-column-gap-no\">\n\t\t\t\t\t<div class=\"elementor-column elementor-col-50 elementor-top-column elementor-element elementor-element-284e4d0\" data-id=\"284e4d0\" data-element_type=\"column\">\n\t\t\t<div class=\"elementor-widget-wrap elementor-element-populated\">\n\t\t\t\t\t\t\t\t<div class=\"elementor-element elementor-element-726cd55 elementor-widget elementor-widget-heading\" data-id=\"726cd55\" data-element_type=\"widget\" data-widget_type=\"heading.default\">\n\t\t\t\t<div class=\"elementor-widget-container\">\n\t\t\t<h6 class=\"elementor-heading-title elementor-size-default\">NUESTRA EMPRESA<\/h6>\t\t<\/div>\n\t\t\t\t<\/div>\n\t\t\t\t<div class=\"elementor-element elementor-element-651af27 elementor-widget-divider--view-line elementor-widget elementor-widget-divider\" data-id=\"651af27\" data-element_type=\"widget\" data-widget_type=\"divider.default\">\n\t\t\t\t<div class=\"elementor-widget-container\">\n\t\t\t\t\t<div class=\"elementor-divider\">\n\t\t\t<span class=\"elementor-divider-separator\">\n\t\t\t\t\t\t<\/span>\n\t\t<\/div>\n\t\t\t\t<\/div>\n\t\t\t\t<\/div>\n\t\t\t\t<div class=\"elementor-element elementor-element-7e90ccd elementor-widget elementor-widget-heading\" data-id=\"7e90ccd\" data-element_type=\"widget\" data-widget_type=\"heading.default\">\n\t\t\t\t<div class=\"elementor-widget-container\">\n\t\t\t<h2 class=\"elementor-heading-title elementor-size-default\">Quienes somos<\/h2>\t\t<\/div>\n\t\t\t\t<\/div>\n\t\t\t\t<section class=\"elementor-section elementor-inner-section elementor-element elementor-element-35b2505 elementor-section-boxed elementor-section-height-default elementor-section-height-default\" data-id=\"35b2505\" data-element_type=\"section\">\n\t\t\t\t\t\t<div class=\"elementor-container elementor-column-gap-no\">\n\t\t\t\t\t<div class=\"elementor-column elementor-col-100 elementor-inner-column elementor-element elementor-element-0d1cb48\" data-id=\"0d1cb48\" data-element_type=\"column\">\n\t\t\t<div class=\"elementor-widget-wrap elementor-element-populated\">\n\t\t\t\t\t\t\t\t<div class=\"elementor-element elementor-element-eec421a elementor-widget elementor-widget-testimonial\" data-id=\"eec421a\" data-element_type=\"widget\" data-widget_type=\"testimonial.default\">\n\t\t\t\t<div class=\"elementor-widget-container\">\n\t\t\t\t\t<div class=\"elementor-testimonial-wrapper\">\n\t\t\t\t\t\t\t<div class=\"elementor-testimonial-content\">P & P TOPOGRAFOS ASOCIADOS, es una empresa de topograf\u00eda, la cual fue fundada en julio de 1999, en la ciudad de Bogot\u00e1 en la direcci\u00f3n que actualmente ocupa en la Calle 45 No 27A-57, respaldados por veinte a\u00f1os de experiencia y un completo grupo de profesionales en el \u00e1rea, de alto nivel \u00e9tico y personal, con gran trayectoria que nos permiten garantizar la calidad en todos los trabajos encomendados. <br><br> Manteniendo siempre  las normas m\u00e1s estrictas de la Ingenier\u00eda y la Topograf\u00eda, contamos con el apoyo de  equipos y tecnolog\u00eda de punta para desarrollar:  TOPOGRAFIA CON DRONES, TOPOGRAFIA DIGITALIZADA,, GEOPOSICIONAMIENTO, LEVANTAMIENTOS  DE TUNELES, BATIMETRIAS Y LEVANTAMIENTOS CONVENCIONALES, REPLANTEOS, LOCALIZACIONES, ALQUIER DE EQUIPOS, PLANOS AUTOCAD (Estaciones, Niveles, Radios, Teodolitos), PLOTTER DE INYECCION. <br> <br>\nGarantizamos apoyo en sus proyectos de obra civil, como lo es dise\u00f1o de v\u00edas asistido por computadora, dise\u00f1o de alcantarillados, trazado de redes el\u00e9ctricas, calculo de vol\u00famenes, urbanismo, l\u00edneas s\u00edsmicas, levantamientos arquitect\u00f3nicos.\n<\/div>\n\t\t\t\n\t\t\t\t\t<\/div>\n\t\t\t\t<\/div>\n\t\t\t\t<\/div>\n\t\t\t\t\t<\/div>\n\t\t<\/div>\n\t\t\t\t\t\t\t<\/div>\n\t\t<\/section>\n\t\t\t\t\t<\/div>\n\t\t<\/div>\n\t\t\t\t<div class=\"elementor-column elementor-col-50 elementor-top-column elementor-element elementor-element-347209a\" data-id=\"347209a\" data-element_type=\"column\">\n\t\t\t<div class=\"elementor-widget-wrap elementor-element-populated\">\n\t\t\t\t\t\t\t\t<div class=\"elementor-element elementor-element-653aa57 elementor-widget elementor-widget-heading\" data-id=\"653aa57\" data-element_type=\"widget\" data-widget_type=\"heading.default\">\n\t\t\t\t<div class=\"elementor-widget-container\">\n\t\t\t<h3 class=\"elementor-heading-title elementor-size-default\">misi\u00f3n<\/h3>\t\t<\/div>\n\t\t\t\t<\/div>\n\t\t\t\t<section class=\"elementor-section elementor-inner-section elementor-element elementor-element-214586e elementor-section-boxed elementor-section-height-default elementor-section-height-default\" data-id=\"214586e\" data-element_type=\"section\">\n\t\t\t\t\t\t<div class=\"elementor-container elementor-column-gap-no\">\n\t\t\t\t\t<div class=\"elementor-column elementor-col-100 elementor-inner-column elementor-element elementor-element-b7a739e\" data-id=\"b7a739e\" data-element_type=\"column\">\n\t\t\t<div class=\"elementor-widget-wrap elementor-element-populated\">\n\t\t\t\t\t\t\t\t<div class=\"elementor-element elementor-element-232bbf6 elementor-widget elementor-widget-testimonial\" data-id=\"232bbf6\" data-element_type=\"widget\" data-widget_type=\"testimonial.default\">\n\t\t\t\t<div class=\"elementor-widget-container\">\n\t\t\t\t\t<div class=\"elementor-testimonial-wrapper\">\n\t\t\t\t\t\t\t<div class=\"elementor-testimonial-content\">P y P Top\u00f3grafos Dise\u00f1a y desarrolla proyectos Topogr\u00e1ficos  y de Ingenier\u00eda Civil, manteniendo siempre las est\u00e1ndares de calidad exigidos, con el apoyo de personal especializado, equipos y tecnolog\u00eda de punta es pos de satisfacer la demanda de nuestros clientes.\n<\/div>\n\t\t\t\n\t\t\t\t\t<\/div>\n\t\t\t\t<\/div>\n\t\t\t\t<\/div>\n\t\t\t\t<div class=\"elementor-element elementor-element-ed5b78f elementor-widget elementor-widget-heading\" data-id=\"ed5b78f\" data-element_type=\"widget\" data-widget_type=\"heading.default\">\n\t\t\t\t<div class=\"elementor-widget-container\">\n\t\t\t<h3 class=\"elementor-heading-title elementor-size-default\">Visi\u00f3n<\/h3>\t\t<\/div>\n\t\t\t\t<\/div>\n\t\t\t\t\t<\/div>\n\t\t<\/div>\n\t\t\t\t\t\t\t<\/div>\n\t\t<\/section>\n\t\t\t\t<div class=\"elementor-element elementor-element-eb7f564 elementor-widget elementor-widget-testimonial\" data-id=\"eb7f564\" data-element_type=\"widget\" data-widget_type=\"testimonial.default\">\n\t\t\t\t<div class=\"elementor-widget-container\">\n\t\t\t\t\t<div class=\"elementor-testimonial-wrapper\">\n\t\t\t\t\t\t\t<div class=\"elementor-testimonial-content\">Continuar consolid\u00e1ndonos como una empresa l\u00edder en la ejecuci\u00f3n de Obra de Topograf\u00eda y Civiles, cumpliendo con normas de calidad, seguridad y medio ambiente.\n.<\/div>\n\t\t\t\n\t\t\t\t\t<\/div>\n\t\t\t\t<\/div>\n\t\t\t\t<\/div>\n\t\t\t\t\t<\/div>\n\t\t<\/div>\n\t\t\t\t\t\t\t<\/div>\n\t\t<\/section>\n\t\t\t\t\t\t<\/div>\n\t\t\t\t\t<\/div>\n\t\t","protected":false},"excerpt":{"rendered":"<p>NUESTRA EMPRESA Quienes somos P &#038; P TOPOGRAFOS ASOCIADOS, es una empresa de topograf\u00eda, la cual fue fundada en julio de 1999, en la ciudad de Bogot\u00e1 en la direcci\u00f3n que actualmente ocupa en la Calle 45 No 27A-57, respaldados por veinte a\u00f1os de experiencia y un completo grupo de profesionales en el \u00e1rea, de &hellip;<\/p>\n<p class=\"read-more\"> <a class=\"\" href=\"https:\/\/pyptopografos.com\/?page_id=403\"> <span class=\"screen-reader-text\">quienes somos<\/span> Read More &raquo;<\/a><\/p>\n","protected":false},"author":1,"featured_media":0,"parent":0,"menu_order":0,"comment_status":"closed","ping_status":"closed","template":"","meta":{"om_disable_all_campaigns":false,"_monsterinsights_skip_tracking":false,"_monsterinsights_sitenote_active":false,"_monsterinsights_sitenote_note":"","_monsterinsights_sitenote_category":0,"footnotes":""},"class_list":["post-403","page","type-page","status-publish","hentry"],"_links":{"self":[{"href":"https:\/\/pyptopografos.com\/index.php?rest_route=\/wp\/v2\/pages\/403","targetHints":{"allow":["GET"]}}],"collection":[{"href":"https:\/\/pyptopografos.com\/index.php?rest_route=\/wp\/v2\/pages"}],"about":[{"href":"https:\/\/pyptopografos.com\/index.php?rest_route=\/wp\/v2\/types\/page"}],"author":[{"embeddable":true,"href":"https:\/\/pyptopografos.com\/index.php?rest_route=\/wp\/v2\/users\/1"}],"replies":[{"embeddable":true,"href":"https:\/\/pyptopografos.com\/index.php?rest_route=%2Fwp%2Fv2%2Fcomments&post=403"}],"version-history":[{"count":14,"href":"https:\/\/pyptopografos.com\/index.php?rest_route=\/wp\/v2\/pages\/403\/revisions"}],"predecessor-version":[{"id":498,"href":"https:\/\/pyptopografos.com\/index.php?rest_route=\/wp\/v2\/pages\/403\/revisions\/498"}],"wp:attachment":[{"href":"https:\/\/pyptopografos.com\/index.php?rest_route=%2Fwp%2Fv2%2Fmedia&parent=403"}],"curies":[{"name":"wp","href":"https:\/\/api.w.org\/{rel}","templated":true}]}}