{"id":608,"date":"2021-09-04T00:33:41","date_gmt":"2021-09-04T00:33:41","guid":{"rendered":"https:\/\/pyptopografos.com\/?page_id=608"},"modified":"2021-09-09T02:31:28","modified_gmt":"2021-09-09T02:31:28","slug":"elementor-608","status":"publish","type":"page","link":"https:\/\/pyptopografos.com\/?page_id=608","title":{"rendered":"Elementor #608"},"content":{"rendered":"\t\t<div data-elementor-type=\"wp-page\" data-elementor-id=\"608\" class=\"elementor elementor-608\" data-elementor-settings=\"[]\">\n\t\t\t\t\t\t\t<div class=\"elementor-section-wrap\">\n\t\t\t\t\t\t\t<section class=\"elementor-section elementor-top-section elementor-element elementor-element-ceabe17 elementor-section-boxed elementor-section-height-default elementor-section-height-default\" data-id=\"ceabe17\" data-element_type=\"section\">\n\t\t\t\t\t\t<div class=\"elementor-container elementor-column-gap-default\">\n\t\t\t\t\t<div class=\"elementor-column elementor-col-100 elementor-top-column elementor-element elementor-element-84702ca\" data-id=\"84702ca\" data-element_type=\"column\">\n\t\t\t<div class=\"elementor-widget-wrap elementor-element-populated\">\n\t\t\t\t\t\t\t\t<div class=\"elementor-element elementor-element-0b51e18 elementor-widget elementor-widget-heading\" data-id=\"0b51e18\" data-element_type=\"widget\" data-widget_type=\"heading.default\">\n\t\t\t\t<div class=\"elementor-widget-container\">\n\t\t\t<h2 class=\"elementor-heading-title elementor-size-default\">TOPOGRAFIA CON DRONE - FOTOGRAMETRIA\n<\/h2>\t\t<\/div>\n\t\t\t\t<\/div>\n\t\t\t\t<div class=\"elementor-element elementor-element-d59b50b elementor-widget elementor-widget-text-editor\" data-id=\"d59b50b\" data-element_type=\"widget\" data-widget_type=\"text-editor.default\">\n\t\t\t\t<div class=\"elementor-widget-container\">\n\t\t\t\t\t\t\t<div class=\"et_pb_section et_pb_section_1 et_section_regular\"><div class=\"et_pb_row et_pb_row_1\"><div class=\"et_pb_column et_pb_column_4_4 et_pb_column_1  et_pb_css_mix_blend_mode_passthrough et-last-child\"><div class=\"et_pb_module et_pb_text et_pb_text_1  et_pb_text_align_left et_pb_bg_layout_light\"><div class=\"et_pb_text_inner\"><p>\u00a0<\/p><p class=\"western\" lang=\"es-ES\" align=\"justify\">El levantamiento topogr\u00e1fico es muy \u00fatil, por una parte, para trazar un plano que ayude a organizar el trabajo y por otra para colocar sobre el terreno marcas que gu\u00eden su ejecuci\u00f3n, ya que permite trazar mapas o planos de un \u00e1rea, en los cuales aparecen las principales caracter\u00edsticas f\u00edsicas del terreno, o tambi\u00e9n los diferentes elementos que lo componen.<\/p><p class=\"western\" lang=\"es-ES\" align=\"justify\">Cuando se prepara un levantamiento topogr\u00e1fico, la regla fundamental es proceder de lo general a lo particular. Los diferentes tipos de levantamientos topogr\u00e1ficos requieren precisiones diversas, pero es importante determinar con la mayor precisi\u00f3n posible los primeros puntos de cada levantamiento.<\/p><p class=\"western\" lang=\"es-ES\" align=\"justify\">Es por ello, que contamos con un equipo capacitado para brindarle el mejor servicio.<\/p><p>PyP top\u00f3grafos utiliza la tecnolog\u00eda m\u00e1s avanzada para el <strong>procesamiento de im\u00e1genes de drone<\/strong>. Realiza topograf\u00eda con drones de\u00a0<strong>forma sencilla y econ\u00f3mica.<\/strong> Con nuestras herramientas podr\u00e1s procesar tus im\u00e1genes y generar diferentes tipos de mapas.<\/p><\/div><\/div><\/div><\/div><\/div><div class=\"et_pb_section et_pb_section_2 et_section_regular\"><div class=\"et_pb_row et_pb_row_2\"><div class=\"et_pb_column et_pb_column_4_4 et_pb_column_2  et_pb_css_mix_blend_mode_passthrough et-last-child\"><div class=\"et_pb_module et_pb_text et_pb_text_2  et_pb_text_align_left et_pb_bg_layout_light\"><div class=\"et_pb_text_inner\">\u00a0<\/div><\/div><div class=\"et_pb_module et_pb_text et_pb_text_3  et_pb_text_align_left et_pb_bg_layout_light\"><div class=\"et_pb_text_inner\"><p>\u00a0<\/p><\/div><\/div><\/div><\/div><\/div>\t\t\t\t\t\t<\/div>\n\t\t\t\t<\/div>\n\t\t\t\t<div class=\"elementor-element elementor-element-b644b77 elementor-widget elementor-widget-sina_flip_box\" data-id=\"b644b77\" data-element_type=\"widget\" data-widget_type=\"sina_flip_box.default\">\n\t\t\t\t<div class=\"elementor-widget-container\">\n\t\t\t\t\t<div class=\"sina-flipbox \">\r\n\t\t\t<div class=\"sina-flipbox-front sina-flipbox-effect-zoom\">\r\n\t\t\t\t\r\n\t\t\t\t<div class=\"sina-flipbox-content\">\r\n\t\t\t\t\t\t\t\t\t\t\t<h3 class=\"sina-flipbox-title\">TOPOGRAFIA CON DRONE <\/h3>\t\t\t\t\t\r\n\t\t\t\t\t\t\t\t\t\t\t<div class=\"sina-flipbox-desc\">Levantamientos topogr\u00e1ficos georreferenciados con ayuda de drones de \u00faltima tecnolog\u00eda.<\/div>\t\t\t\t\t\t\t\t\t<\/div>\r\n\t\t\t<\/div>\r\n\t\t\t<div class=\"sina-flipbox-back sina-flipbox-effect-zoom\">\r\n\t\t\t\t\r\n\t\t\t\t<div class=\"sina-flipbox-content\">\r\n\t\t\t\t\t\t\t\t\t\t\t<h3 class=\"sina-flipbox-title\">\r\n\t\t\t\t\t\t\t\t\t\t\t\t\t\t\tFOTOGRAMETRIA\t\t\t\t\t\t\t\t\t\t\t\t\t<\/h3>\r\n\t\t\t\t\t\r\n\t\t\t\t\t\t\t\t\t\t\t<div class=\"sina-flipbox-desc\">Levantamientos topogr\u00e1ficos georreferenciados con ayuda de drones de \u00faltima tecnolog\u00eda.<\/div>\t\t\t\t\t\t\t\t\t<\/div>\r\n\t\t\t<\/div>\r\n\t\t<\/div><!-- .sina-flipbox -->\r\n\t\t\t\t<\/div>\n\t\t\t\t<\/div>\n\t\t\t\t<div class=\"elementor-element elementor-element-f38d637 elementor-widget elementor-widget-heading\" data-id=\"f38d637\" data-element_type=\"widget\" data-widget_type=\"heading.default\">\n\t\t\t\t<div class=\"elementor-widget-container\">\n\t\t\t<h3 class=\"elementor-heading-title elementor-size-default\">PROYECTO LEVANTAMIENTO LOTE EN CHIPAQUE - CUNDINAMARCA\n<\/h3>\t\t<\/div>\n\t\t\t\t<\/div>\n\t\t\t\t\t<\/div>\n\t\t<\/div>\n\t\t\t\t\t\t\t<\/div>\n\t\t<\/section>\n\t\t\t\t<section class=\"elementor-section elementor-top-section elementor-element elementor-element-b493f98 elementor-section-boxed elementor-section-height-default elementor-section-height-default\" data-id=\"b493f98\" data-element_type=\"section\">\n\t\t\t\t\t\t<div class=\"elementor-container elementor-column-gap-default\">\n\t\t\t\t\t<div class=\"elementor-column elementor-col-100 elementor-top-column elementor-element elementor-element-ceed665\" data-id=\"ceed665\" data-element_type=\"column\">\n\t\t\t<div class=\"elementor-widget-wrap elementor-element-populated\">\n\t\t\t\t\t\t\t\t<div class=\"elementor-element elementor-element-1769a2d elementor-position-top elementor-vertical-align-top elementor-widget elementor-widget-image-box\" data-id=\"1769a2d\" data-element_type=\"widget\" data-widget_type=\"image-box.default\">\n\t\t\t\t<div class=\"elementor-widget-container\">\n\t\t\t<div class=\"elementor-image-box-wrapper\"><figure class=\"elementor-image-box-img\"><img loading=\"lazy\" decoding=\"async\" width=\"1242\" height=\"700\" src=\"https:\/\/pyptopografos.com\/wp-content\/uploads\/2021\/09\/Imagen4.png\" class=\"attachment-full size-full\" alt=\"\" \/><\/figure><div class=\"elementor-image-box-content\"><h3 class=\"elementor-image-box-title\">PROCESAMIENTO DEL VUELO <\/h3><\/div><\/div>\t\t<\/div>\n\t\t\t\t<\/div>\n\t\t\t\t\t<\/div>\n\t\t<\/div>\n\t\t\t\t\t\t\t<\/div>\n\t\t<\/section>\n\t\t\t\t<section class=\"elementor-section elementor-top-section elementor-element elementor-element-3bf14f7 elementor-section-boxed elementor-section-height-default elementor-section-height-default\" data-id=\"3bf14f7\" data-element_type=\"section\">\n\t\t\t\t\t\t<div class=\"elementor-container elementor-column-gap-default\">\n\t\t\t\t\t<div class=\"elementor-column elementor-col-50 elementor-top-column elementor-element elementor-element-4345eaf\" data-id=\"4345eaf\" data-element_type=\"column\">\n\t\t\t<div class=\"elementor-widget-wrap elementor-element-populated\">\n\t\t\t\t\t\t\t\t<div class=\"elementor-element elementor-element-17ae66c elementor-position-top elementor-vertical-align-top elementor-widget elementor-widget-image-box\" data-id=\"17ae66c\" data-element_type=\"widget\" data-widget_type=\"image-box.default\">\n\t\t\t\t<div class=\"elementor-widget-container\">\n\t\t\t<div class=\"elementor-image-box-wrapper\"><figure class=\"elementor-image-box-img\"><img loading=\"lazy\" decoding=\"async\" width=\"648\" height=\"701\" src=\"https:\/\/pyptopografos.com\/wp-content\/uploads\/2021\/09\/Imagen3.png\" class=\"attachment-full size-full\" alt=\"\" \/><\/figure><div class=\"elementor-image-box-content\"><h3 class=\"elementor-image-box-title\">ORTHOMOSAICO FINAL OBTENIDO<\/h3><\/div><\/div>\t\t<\/div>\n\t\t\t\t<\/div>\n\t\t\t\t\t<\/div>\n\t\t<\/div>\n\t\t\t\t<div class=\"elementor-column elementor-col-50 elementor-top-column elementor-element elementor-element-3738309\" data-id=\"3738309\" data-element_type=\"column\">\n\t\t\t<div class=\"elementor-widget-wrap elementor-element-populated\">\n\t\t\t\t\t\t\t\t<div class=\"elementor-element elementor-element-4d036a2 elementor-aspect-ratio-169 elementor-widget elementor-widget-video\" data-id=\"4d036a2\" data-element_type=\"widget\" data-settings=\"{&quot;youtube_url&quot;:&quot;https:\\\/\\\/youtu.be\\\/O112xwLjqcc&quot;,&quot;video_type&quot;:&quot;youtube&quot;,&quot;controls&quot;:&quot;yes&quot;,&quot;aspect_ratio&quot;:&quot;169&quot;}\" data-widget_type=\"video.default\">\n\t\t\t\t<div class=\"elementor-widget-container\">\n\t\t\t\t\t<div class=\"elementor-wrapper elementor-fit-aspect-ratio elementor-open-inline\">\n\t\t\t<div class=\"elementor-video\"><\/div>\t\t<\/div>\n\t\t\t\t<\/div>\n\t\t\t\t<\/div>\n\t\t\t\t\t<\/div>\n\t\t<\/div>\n\t\t\t\t\t\t\t<\/div>\n\t\t<\/section>\n\t\t\t\t\t\t<\/div>\n\t\t\t\t\t<\/div>\n\t\t","protected":false},"excerpt":{"rendered":"<p>TOPOGRAFIA CON DRONE &#8211; FOTOGRAMETRIA \u00a0 El levantamiento topogr\u00e1fico es muy \u00fatil, por una parte, para trazar un plano que ayude a organizar el trabajo y por otra para colocar sobre el terreno marcas que gu\u00eden su ejecuci\u00f3n, ya que permite trazar mapas o planos de un \u00e1rea, en los cuales aparecen las principales caracter\u00edsticas &hellip;<\/p>\n<p class=\"read-more\"> <a class=\"\" href=\"https:\/\/pyptopografos.com\/?page_id=608\"> <span class=\"screen-reader-text\">Elementor #608<\/span> Read More &raquo;<\/a><\/p>\n","protected":false},"author":1,"featured_media":0,"parent":0,"menu_order":0,"comment_status":"closed","ping_status":"closed","template":"","meta":{"om_disable_all_campaigns":false,"_monsterinsights_skip_tracking":false,"_monsterinsights_sitenote_active":false,"_monsterinsights_sitenote_note":"","_monsterinsights_sitenote_category":0,"footnotes":""},"class_list":["post-608","page","type-page","status-publish","hentry"],"_links":{"self":[{"href":"https:\/\/pyptopografos.com\/index.php?rest_route=\/wp\/v2\/pages\/608","targetHints":{"allow":["GET"]}}],"collection":[{"href":"https:\/\/pyptopografos.com\/index.php?rest_route=\/wp\/v2\/pages"}],"about":[{"href":"https:\/\/pyptopografos.com\/index.php?rest_route=\/wp\/v2\/types\/page"}],"author":[{"embeddable":true,"href":"https:\/\/pyptopografos.com\/index.php?rest_route=\/wp\/v2\/users\/1"}],"replies":[{"embeddable":true,"href":"https:\/\/pyptopografos.com\/index.php?rest_route=%2Fwp%2Fv2%2Fcomments&post=608"}],"version-history":[{"count":13,"href":"https:\/\/pyptopografos.com\/index.php?rest_route=\/wp\/v2\/pages\/608\/revisions"}],"predecessor-version":[{"id":701,"href":"https:\/\/pyptopografos.com\/index.php?rest_route=\/wp\/v2\/pages\/608\/revisions\/701"}],"wp:attachment":[{"href":"https:\/\/pyptopografos.com\/index.php?rest_route=%2Fwp%2Fv2%2Fmedia&parent=608"}],"curies":[{"name":"wp","href":"https:\/\/api.w.org\/{rel}","templated":true}]}}